{"id":109,"date":"2019-10-03T08:54:20","date_gmt":"2019-10-03T08:54:20","guid":{"rendered":"http:\/\/wpdemo.archiwp.com\/onum\/?page_id=109"},"modified":"2021-11-14T22:32:34","modified_gmt":"2021-11-14T22:32:34","slug":"contacto","status":"publish","type":"page","link":"https:\/\/seoremoto.com\/pan\/contacto\/","title":{"rendered":"Contacto"},"content":{"rendered":"\t\t<div data-elementor-type=\"wp-page\" data-elementor-id=\"109\" class=\"elementor elementor-109\">\n\t\t\t\t\t\t<section class=\"elementor-section elementor-top-section elementor-element elementor-element-5816b60 elementor-section-content-middle elementor-section-boxed elementor-section-height-default elementor-section-height-default\" data-id=\"5816b60\" data-element_type=\"section\">\n\t\t\t\t\t\t<div class=\"elementor-container elementor-column-gap-extended\">\n\t\t\t\t\t<div class=\"elementor-column elementor-col-50 elementor-top-column elementor-element elementor-element-322fec3 ot-flex-column-vertical\" data-id=\"322fec3\" data-element_type=\"column\">\n\t\t\t<div class=\"elementor-widget-wrap elementor-element-populated\">\n\t\t\t\t\t\t<section class=\"elementor-section elementor-inner-section elementor-element elementor-element-1e9a80d elementor-section-full_width elementor-section-height-default elementor-section-height-default\" data-id=\"1e9a80d\" data-element_type=\"section\" data-settings=\"{&quot;background_background&quot;:&quot;gradient&quot;}\">\n\t\t\t\t\t\t<div class=\"elementor-container elementor-column-gap-no\">\n\t\t\t\t\t<div class=\"elementor-column elementor-col-100 elementor-inner-column elementor-element elementor-element-c73e8ee ot-flex-column-vertical\" data-id=\"c73e8ee\" data-element_type=\"column\">\n\t\t\t<div class=\"elementor-widget-wrap elementor-element-populated\">\n\t\t\t\t\t\t<div class=\"elementor-element elementor-element-658a175 elementor-widget elementor-widget-iheading\" data-id=\"658a175\" data-element_type=\"widget\" data-widget_type=\"iheading.default\">\n\t\t\t\t<div class=\"elementor-widget-container\">\n\t\t\t\t\t\t\t<div class=\"ot-heading -align text-light\">\r\n\t\t\t\r\n\t\t\t\t\r\n\r\n\t        \t            <h6 class=\"sub-heading\"><span>Expertos SEO<\/span><\/h6>\r\n\t         \r\n\r\n\t        \t        \t<h2 class=\"main-heading\">\u00bfCrecemos juntos?<\/h2>\r\n\t        \t    <\/div>\r\n\t    \t\t\t\t<\/div>\n\t\t\t\t<\/div>\n\t\t\t\t<div class=\"elementor-element elementor-element-dba913e elementor-widget elementor-widget-text-editor\" data-id=\"dba913e\" data-element_type=\"widget\" data-widget_type=\"text-editor.default\">\n\t\t\t\t<div class=\"elementor-widget-container\">\n\t\t\t\t\t\t\t\t\t<p>Estamos conectados en cualquier momento, nos esforzamos por responder a todas las consultas dentro de las 24 horas en d\u00edas h\u00e1biles. Estaremos encantados de responder cualquier consulta.<\/p>\t\t\t\t\t\t\t\t<\/div>\n\t\t\t\t<\/div>\n\t\t\t\t<div class=\"elementor-element elementor-element-4407c6c elementor-widget elementor-widget-icontact_info\" data-id=\"4407c6c\" data-element_type=\"widget\" data-widget_type=\"icontact_info.default\">\n\t\t\t\t<div class=\"elementor-widget-container\">\n\t\t\t\t\t\t\t\t\t\t    \t<div class=\"contact-info text-light\">\r\n\t\t    \t\t\r\n\t\t\t\t    \t\t\t        <i class=\"flaticon-world\"><\/i>\t\t\t        <div class=\"info-text\">\r\n\t\t\t        \t<h6>Ubicaci\u00f3n:<\/h6>\r\n\t\t\t        \t<p>LATAM<\/p>\r\n\t\t\t        <\/div>\r\n\t\t\t    <\/div>\r\n\t\t    \t    \t\t\t\t<\/div>\n\t\t\t\t<\/div>\n\t\t\t\t<div class=\"elementor-element elementor-element-05f299e elementor-widget elementor-widget-icontact_info\" data-id=\"05f299e\" data-element_type=\"widget\" data-widget_type=\"icontact_info.default\">\n\t\t\t\t<div class=\"elementor-widget-container\">\n\t\t\t\t\t\t\t\t\t\t    \t<div class=\"contact-info text-light\">\r\n\t\t    \t\t\r\n\t\t\t\t    \t\t\t        <i class=\"flaticon-note\"><\/i>\t\t\t        <div class=\"info-text\">\r\n\t\t\t        \t<h6>Escr\u00edbenos:<\/h6>\r\n\t\t\t        \t<p><a href=\"mailto:seoremoto@mail.com\">seoremoto@gmail.com<\/a><\/p>\r\n\t\t\t        <\/div>\r\n\t\t\t    <\/div>\r\n\t\t    \t    \t\t\t\t<\/div>\n\t\t\t\t<\/div>\n\t\t\t\t<div class=\"elementor-element elementor-element-22856f4 elementor-widget elementor-widget-icontact_info\" data-id=\"22856f4\" data-element_type=\"widget\" data-widget_type=\"icontact_info.default\">\n\t\t\t\t<div class=\"elementor-widget-container\">\n\t\t\t\t\t\t\t\t\t\t    \t<div class=\"contact-info text-light\">\r\n\t\t    \t\t\r\n\t\t\t\t    \t\t\t        <i class=\"flaticon-viber\"><\/i>\t\t\t        <div class=\"info-text\">\r\n\t\t\t        \t<h6>WhatsApp:<\/h6>\r\n\t\t\t        \t<p><a href=\"https:\/\/api.whatsapp.com\/send?phone=51987066774&text=Vengo%20de%20contacto%20desde%20SEORemoto\">+51 987 066 774<\/a><\/p>\r\n\t\t\t        <\/div>\r\n\t\t\t    <\/div>\r\n\t\t    \t    \t\t\t\t<\/div>\n\t\t\t\t<\/div>\n\t\t\t\t\t<\/div>\n\t\t<\/div>\n\t\t\t\t\t<\/div>\n\t\t<\/section>\n\t\t\t\t\t<\/div>\n\t\t<\/div>\n\t\t\t\t<div class=\"elementor-column elementor-col-50 elementor-top-column elementor-element elementor-element-2a7f668 ot-flex-column-vertical\" data-id=\"2a7f668\" data-element_type=\"column\">\n\t\t\t<div class=\"elementor-widget-wrap elementor-element-populated\">\n\t\t\t\t\t\t<div class=\"elementor-element elementor-element-a558ced elementor-widget elementor-widget-iheading\" data-id=\"a558ced\" data-element_type=\"widget\" data-widget_type=\"iheading.default\">\n\t\t\t\t<div class=\"elementor-widget-container\">\n\t\t\t\t\t\t\t<div class=\"ot-heading -align\">\r\n\t\t\t\r\n\t\t\t\t\r\n\r\n\t        \t            <h6 class=\"sub-heading\"><span>Con\u00e9ctate<\/span><\/h6>\r\n\t         \r\n\r\n\t        \t        \t<h2 class=\"main-heading\">\u00a1Listo para empezar una nueva experiencia!<\/h2>\r\n\t        \t    <\/div>\r\n\t    \t\t\t\t<\/div>\n\t\t\t\t<\/div>\n\t\t\t\t<div class=\"elementor-element elementor-element-ce8ae36 elementor-widget elementor-widget-onum-contact-form-7\" data-id=\"ce8ae36\" data-element_type=\"widget\" data-widget_type=\"onum-contact-form-7.default\">\n\t\t\t\t<div class=\"elementor-widget-container\">\n\t\t\t\t\t<div class=\"elementor-shortcode onum-cf7-0\">\n<div class=\"wpcf7 no-js\" id=\"wpcf7-f836-o1\" lang=\"en-US\" dir=\"ltr\" data-wpcf7-id=\"836\">\n<div class=\"screen-reader-response\"><p role=\"status\" aria-live=\"polite\" aria-atomic=\"true\"><\/p> <ul><\/ul><\/div>\n<form action=\"\/pan\/wp-json\/wp\/v2\/pages\/109#wpcf7-f836-o1\" method=\"post\" class=\"wpcf7-form init\" aria-label=\"Contact form\" novalidate=\"novalidate\" data-status=\"init\">\n<fieldset class=\"hidden-fields-container\"><input type=\"hidden\" name=\"_wpcf7\" value=\"836\" \/><input type=\"hidden\" name=\"_wpcf7_version\" value=\"6.1.2\" \/><input type=\"hidden\" name=\"_wpcf7_locale\" value=\"en_US\" \/><input type=\"hidden\" name=\"_wpcf7_unit_tag\" value=\"wpcf7-f836-o1\" \/><input type=\"hidden\" name=\"_wpcf7_container_post\" value=\"0\" \/><input type=\"hidden\" name=\"_wpcf7_posted_data_hash\" value=\"\" \/>\n<\/fieldset>\n<div class=\"faq-form text-center row\">\n\t<p class=\"col-md-6\"><br \/>\n<span class=\"wpcf7-form-control-wrap\" data-name=\"your-name\"><input size=\"40\" maxlength=\"400\" class=\"wpcf7-form-control wpcf7-text wpcf7-validates-as-required\" aria-required=\"true\" aria-invalid=\"false\" placeholder=\"Nombres *\" value=\"\" type=\"text\" name=\"your-name\" \/><\/span>\n\t<\/p>\n\t<p class=\"col-md-6\"><br \/>\n<span class=\"wpcf7-form-control-wrap\" data-name=\"your-email\"><input size=\"40\" maxlength=\"400\" class=\"wpcf7-form-control wpcf7-email wpcf7-validates-as-required wpcf7-text wpcf7-validates-as-email\" aria-required=\"true\" aria-invalid=\"false\" placeholder=\"Correo *\" value=\"\" type=\"email\" name=\"your-email\" \/><\/span>\n\t<\/p>\n\t<p class=\"col-md-12\"><br \/>\n<span class=\"wpcf7-form-control-wrap\" data-name=\"your-url\"><input size=\"40\" maxlength=\"400\" class=\"wpcf7-form-control wpcf7-url wpcf7-text wpcf7-validates-as-url\" aria-invalid=\"false\" placeholder=\"Sitio Web\" value=\"\" type=\"url\" name=\"your-url\" \/><\/span>\n\t<\/p>\n\t<p class=\"col-md-6\"><br \/>\n<span class=\"wpcf7-form-control-wrap\" data-name=\"your-pais\"><select class=\"wpcf7-form-control wpcf7-select\" aria-invalid=\"false\" name=\"your-pais\"><option value=\"\">Seleccione Pa\u00eds<\/option><option value=\"Argentina\">Argentina<\/option><option value=\"Bolivia\">Bolivia<\/option><option value=\"Brasil\">Brasil<\/option><option value=\"Chile\">Chile<\/option><option value=\"Colombia\">Colombia<\/option><option value=\"Costa Rica\">Costa Rica<\/option><option value=\"Cuba\">Cuba<\/option><option value=\"Ecuador\">Ecuador<\/option><option value=\"El Salvador\">El Salvador<\/option><option value=\"Espa\u00f1a\">Espa\u00f1a<\/option><option value=\"Estados Unidos\">Estados Unidos<\/option><option value=\"Guayana Francesa\">Guayana Francesa<\/option><option value=\"Granada\">Granada<\/option><option value=\"Guatemala\">Guatemala<\/option><option value=\"Guayana\">Guayana<\/option><option value=\"Hait\u00ed\">Hait\u00ed<\/option><option value=\"Honduras\">Honduras<\/option><option value=\"Jamaica\">Jamaica<\/option><option value=\"M\u00e9xico\">M\u00e9xico<\/option><option value=\"Nicaragua\">Nicaragua<\/option><option value=\"Paraguay\">Paraguay<\/option><option value=\"Panam\u00e1\">Panam\u00e1<\/option><option value=\"Per\u00fa\">Per\u00fa<\/option><option value=\"Puerto Rico\">Puerto Rico<\/option><option value=\"Rep\u00fablica Dominicana\">Rep\u00fablica Dominicana<\/option><option value=\"Surinam\">Surinam<\/option><option value=\"Uruguay\">Uruguay<\/option><option value=\"Venezuela\">Venezuela<\/option><\/select><\/span>\n\t<\/p>\n\t<p class=\"col-md-6\"><br \/>\n<span class=\"wpcf7-form-control-wrap\" data-name=\"your-consulta\"><input size=\"40\" maxlength=\"400\" class=\"wpcf7-form-control wpcf7-text wpcf7-validates-as-required\" aria-required=\"true\" aria-invalid=\"false\" placeholder=\"Consulta\" value=\"\" type=\"text\" name=\"your-consulta\" \/><\/span>\n\t<\/p>\n\t<p class=\"col-md-12\"><br \/>\n<span class=\"wpcf7-form-control-wrap\" data-name=\"your-message\"><textarea cols=\"40\" rows=\"10\" maxlength=\"2000\" class=\"wpcf7-form-control wpcf7-textarea wpcf7-validates-as-required\" aria-required=\"true\" aria-invalid=\"false\" placeholder=\"Mensaje...\" name=\"your-message\"><\/textarea><\/span>\n\t<\/p>\n\t<p class=\"col-md-12\"><br \/>\n<button type=\"submit\" class=\"wpcf7-submit octf-btn octf-btn-icon octf-btn-primary\">Enviar mensaje<i class=\"flaticon-right-arrow-1\"><\/i><\/button>\n\t<\/p>\n<\/div><p style=\"display: none !important;\" class=\"akismet-fields-container\" data-prefix=\"_wpcf7_ak_\"><label>&#916;<textarea name=\"_wpcf7_ak_hp_textarea\" cols=\"45\" rows=\"8\" maxlength=\"100\"><\/textarea><\/label><input type=\"hidden\" id=\"ak_js_1\" name=\"_wpcf7_ak_js\" value=\"160\"\/><script>document.getElementById( \"ak_js_1\" ).setAttribute( \"value\", ( new Date() ).getTime() );<\/script><\/p><div class=\"wpcf7-response-output\" aria-hidden=\"true\"><\/div>\n<\/form>\n<\/div>\n<\/div>\t\t\t\t<\/div>\n\t\t\t\t<\/div>\n\t\t\t\t\t<\/div>\n\t\t<\/div>\n\t\t\t\t\t<\/div>\n\t\t<\/section>\n\t\t\t\t<\/div>\n\t\t","protected":false},"excerpt":{"rendered":"<p>Expertos SEO \u00bfCrecemos juntos? Estamos conectados en cualquier momento, nos esforzamos por responder a todas las consultas dentro de las 24 horas en d\u00edas h\u00e1biles. Estaremos encantados de responder cualquier consulta. Ubicaci\u00f3n: LATAM Escr\u00edbenos: seoremoto@gmail.com WhatsApp: +51 987 066 774 Con\u00e9ctate \u00a1Listo para empezar una nueva experiencia! Enviar mensaje &#916;<\/p>\n","protected":false},"author":1,"featured_media":0,"parent":0,"menu_order":0,"comment_status":"closed","ping_status":"closed","template":"","meta":{"inline_featured_image":false,"_joinchat":[],"footnotes":""},"class_list":["post-109","page","type-page","status-publish","hentry"],"yoast_head":"<!-- This site is optimized with the Yoast SEO plugin v26.0 - https:\/\/yoast.com\/wordpress\/plugins\/seo\/ -->\n<title>Contacto SEO por Horas | Expertos SEO LATAM | SEO Remoto<\/title>\n<meta name=\"description\" content=\"Estamos conectados en cualquier momento, nos esforzamos por responder a todas las consultas dentro de las 24 horas en d\u00edas h\u00e1biles.\" \/>\n<meta name=\"robots\" content=\"index, follow, max-snippet:-1, max-image-preview:large, max-video-preview:-1\" \/>\n<link rel=\"canonical\" href=\"https:\/\/seoremoto.com\/pan\/contacto\/\" \/>\n<meta property=\"og:locale\" content=\"es_ES\" \/>\n<meta property=\"og:type\" content=\"article\" \/>\n<meta property=\"og:title\" content=\"Contacto SEO por Horas | Expertos SEO LATAM | SEO Remoto\" \/>\n<meta property=\"og:description\" content=\"Estamos conectados en cualquier momento, nos esforzamos por responder a todas las consultas dentro de las 24 horas en d\u00edas h\u00e1biles.\" \/>\n<meta property=\"og:url\" content=\"https:\/\/seoremoto.com\/pan\/contacto\/\" \/>\n<meta property=\"og:site_name\" content=\"SEO Remoto\" \/>\n<meta property=\"article:modified_time\" content=\"2021-11-14T22:32:34+00:00\" \/>\n<meta name=\"twitter:card\" content=\"summary_large_image\" \/>\n<meta name=\"twitter:site\" content=\"@seoremoto\" \/>\n<meta name=\"twitter:label1\" content=\"Est. reading time\" \/>\n\t<meta name=\"twitter:data1\" content=\"1 minute\" \/>\n<script type=\"application\/ld+json\" class=\"yoast-schema-graph\">{\"@context\":\"https:\/\/schema.org\",\"@graph\":[{\"@type\":\"WebPage\",\"@id\":\"https:\/\/seoremoto.com\/pan\/contacto\/\",\"url\":\"https:\/\/seoremoto.com\/pan\/contacto\/\",\"name\":\"Contacto SEO por Horas | Expertos SEO LATAM | SEO Remoto\",\"isPartOf\":{\"@id\":\"https:\/\/seoremoto.com\/pan\/#website\"},\"datePublished\":\"2019-10-03T08:54:20+00:00\",\"dateModified\":\"2021-11-14T22:32:34+00:00\",\"description\":\"Estamos conectados en cualquier momento, nos esforzamos por responder a todas las consultas dentro de las 24 horas en d\u00edas h\u00e1biles.\",\"breadcrumb\":{\"@id\":\"https:\/\/seoremoto.com\/pan\/contacto\/#breadcrumb\"},\"inLanguage\":\"es-PA\",\"potentialAction\":[{\"@type\":\"ReadAction\",\"target\":[\"https:\/\/seoremoto.com\/pan\/contacto\/\"]}]},{\"@type\":\"BreadcrumbList\",\"@id\":\"https:\/\/seoremoto.com\/pan\/contacto\/#breadcrumb\",\"itemListElement\":[{\"@type\":\"ListItem\",\"position\":1,\"name\":\"Portada\",\"item\":\"https:\/\/seoremoto.com\/pan\/\"},{\"@type\":\"ListItem\",\"position\":2,\"name\":\"Contacto\"}]},{\"@type\":\"WebSite\",\"@id\":\"https:\/\/seoremoto.com\/pan\/#website\",\"url\":\"https:\/\/seoremoto.com\/pan\/\",\"name\":\"SEO Remoto\",\"description\":\"\",\"publisher\":{\"@id\":\"https:\/\/seoremoto.com\/pan\/#organization\"},\"potentialAction\":[{\"@type\":\"SearchAction\",\"target\":{\"@type\":\"EntryPoint\",\"urlTemplate\":\"https:\/\/seoremoto.com\/pan\/?s={search_term_string}\"},\"query-input\":{\"@type\":\"PropertyValueSpecification\",\"valueRequired\":true,\"valueName\":\"search_term_string\"}}],\"inLanguage\":\"es-PA\"},{\"@type\":\"Organization\",\"@id\":\"https:\/\/seoremoto.com\/pan\/#organization\",\"name\":\"SEO Remoto\",\"url\":\"https:\/\/seoremoto.com\/pan\/\",\"logo\":{\"@type\":\"ImageObject\",\"inLanguage\":\"es-PA\",\"@id\":\"https:\/\/seoremoto.com\/pan\/#\/schema\/logo\/image\/\",\"url\":\"https:\/\/seoremoto.com\/wp-content\/uploads\/2020\/08\/logo-seo-remoto-negro.svg\",\"contentUrl\":\"https:\/\/seoremoto.com\/wp-content\/uploads\/2020\/08\/logo-seo-remoto-negro.svg\",\"width\":672,\"height\":129,\"caption\":\"SEO Remoto\"},\"image\":{\"@id\":\"https:\/\/seoremoto.com\/pan\/#\/schema\/logo\/image\/\"},\"sameAs\":[\"https:\/\/x.com\/seoremoto\",\"https:\/\/www.instagram.com\/seoremoto\/\",\"https:\/\/www.linkedin.com\/company\/seoremoto\/\",\"https:\/\/www.pinterest.com\/seoremoto\/\"]}]}<\/script>\n<!-- \/ Yoast SEO plugin. -->","yoast_head_json":{"title":"Contacto SEO por Horas | Expertos SEO LATAM | SEO Remoto","description":"Estamos conectados en cualquier momento, nos esforzamos por responder a todas las consultas dentro de las 24 horas en d\u00edas h\u00e1biles.","robots":{"index":"index","follow":"follow","max-snippet":"max-snippet:-1","max-image-preview":"max-image-preview:large","max-video-preview":"max-video-preview:-1"},"canonical":"https:\/\/seoremoto.com\/pan\/contacto\/","og_locale":"es_ES","og_type":"article","og_title":"Contacto SEO por Horas | Expertos SEO LATAM | SEO Remoto","og_description":"Estamos conectados en cualquier momento, nos esforzamos por responder a todas las consultas dentro de las 24 horas en d\u00edas h\u00e1biles.","og_url":"https:\/\/seoremoto.com\/pan\/contacto\/","og_site_name":"SEO Remoto","article_modified_time":"2021-11-14T22:32:34+00:00","twitter_card":"summary_large_image","twitter_site":"@seoremoto","twitter_misc":{"Est. reading time":"1 minute"},"schema":{"@context":"https:\/\/schema.org","@graph":[{"@type":"WebPage","@id":"https:\/\/seoremoto.com\/pan\/contacto\/","url":"https:\/\/seoremoto.com\/pan\/contacto\/","name":"Contacto SEO por Horas | Expertos SEO LATAM | SEO Remoto","isPartOf":{"@id":"https:\/\/seoremoto.com\/pan\/#website"},"datePublished":"2019-10-03T08:54:20+00:00","dateModified":"2021-11-14T22:32:34+00:00","description":"Estamos conectados en cualquier momento, nos esforzamos por responder a todas las consultas dentro de las 24 horas en d\u00edas h\u00e1biles.","breadcrumb":{"@id":"https:\/\/seoremoto.com\/pan\/contacto\/#breadcrumb"},"inLanguage":"es-PA","potentialAction":[{"@type":"ReadAction","target":["https:\/\/seoremoto.com\/pan\/contacto\/"]}]},{"@type":"BreadcrumbList","@id":"https:\/\/seoremoto.com\/pan\/contacto\/#breadcrumb","itemListElement":[{"@type":"ListItem","position":1,"name":"Portada","item":"https:\/\/seoremoto.com\/pan\/"},{"@type":"ListItem","position":2,"name":"Contacto"}]},{"@type":"WebSite","@id":"https:\/\/seoremoto.com\/pan\/#website","url":"https:\/\/seoremoto.com\/pan\/","name":"SEO Remoto","description":"","publisher":{"@id":"https:\/\/seoremoto.com\/pan\/#organization"},"potentialAction":[{"@type":"SearchAction","target":{"@type":"EntryPoint","urlTemplate":"https:\/\/seoremoto.com\/pan\/?s={search_term_string}"},"query-input":{"@type":"PropertyValueSpecification","valueRequired":true,"valueName":"search_term_string"}}],"inLanguage":"es-PA"},{"@type":"Organization","@id":"https:\/\/seoremoto.com\/pan\/#organization","name":"SEO Remoto","url":"https:\/\/seoremoto.com\/pan\/","logo":{"@type":"ImageObject","inLanguage":"es-PA","@id":"https:\/\/seoremoto.com\/pan\/#\/schema\/logo\/image\/","url":"https:\/\/seoremoto.com\/wp-content\/uploads\/2020\/08\/logo-seo-remoto-negro.svg","contentUrl":"https:\/\/seoremoto.com\/wp-content\/uploads\/2020\/08\/logo-seo-remoto-negro.svg","width":672,"height":129,"caption":"SEO Remoto"},"image":{"@id":"https:\/\/seoremoto.com\/pan\/#\/schema\/logo\/image\/"},"sameAs":["https:\/\/x.com\/seoremoto","https:\/\/www.instagram.com\/seoremoto\/","https:\/\/www.linkedin.com\/company\/seoremoto\/","https:\/\/www.pinterest.com\/seoremoto\/"]}]}},"_links":{"self":[{"href":"https:\/\/seoremoto.com\/pan\/wp-json\/wp\/v2\/pages\/109","targetHints":{"allow":["GET"]}}],"collection":[{"href":"https:\/\/seoremoto.com\/pan\/wp-json\/wp\/v2\/pages"}],"about":[{"href":"https:\/\/seoremoto.com\/pan\/wp-json\/wp\/v2\/types\/page"}],"author":[{"embeddable":true,"href":"https:\/\/seoremoto.com\/pan\/wp-json\/wp\/v2\/users\/1"}],"replies":[{"embeddable":true,"href":"https:\/\/seoremoto.com\/pan\/wp-json\/wp\/v2\/comments?post=109"}],"version-history":[{"count":28,"href":"https:\/\/seoremoto.com\/pan\/wp-json\/wp\/v2\/pages\/109\/revisions"}],"predecessor-version":[{"id":6697,"href":"https:\/\/seoremoto.com\/pan\/wp-json\/wp\/v2\/pages\/109\/revisions\/6697"}],"wp:attachment":[{"href":"https:\/\/seoremoto.com\/pan\/wp-json\/wp\/v2\/media?parent=109"}],"curies":[{"name":"wp","href":"https:\/\/api.w.org\/{rel}","templated":true}]}}