{"id":5773,"date":"2021-11-14T22:37:03","date_gmt":"2021-11-14T22:37:03","guid":{"rendered":"https:\/\/seoremoto.com\/?page_id=5773"},"modified":"2021-11-15T02:25:21","modified_gmt":"2021-11-15T02:25:21","slug":"consultas-link-building-latam","status":"publish","type":"page","link":"https:\/\/seoremoto.com\/co\/consultas-link-building-latam\/","title":{"rendered":"Consultas Link Building LATAM"},"content":{"rendered":"\t\t<div data-elementor-type=\"wp-page\" data-elementor-id=\"5773\" class=\"elementor elementor-5773\">\n\t\t\t\t\t\t<section class=\"elementor-section elementor-top-section elementor-element elementor-element-2c90f42 elementor-section-boxed elementor-section-height-default elementor-section-height-default\" data-id=\"2c90f42\" data-element_type=\"section\">\n\t\t\t\t\t\t<div class=\"elementor-container elementor-column-gap-default\">\n\t\t\t\t\t<div class=\"elementor-column elementor-col-33 elementor-top-column elementor-element elementor-element-3dcb4fc ot-flex-column-vertical\" data-id=\"3dcb4fc\" data-element_type=\"column\">\n\t\t\t<div class=\"elementor-widget-wrap\">\n\t\t\t\t\t\t\t<\/div>\n\t\t<\/div>\n\t\t\t\t<div class=\"elementor-column elementor-col-33 elementor-top-column elementor-element elementor-element-43e0945 ot-flex-column-vertical\" data-id=\"43e0945\" data-element_type=\"column\">\n\t\t\t<div class=\"elementor-widget-wrap elementor-element-populated\">\n\t\t\t\t\t\t<div class=\"elementor-element elementor-element-68d5100 elementor-widget elementor-widget-iheading\" data-id=\"68d5100\" data-element_type=\"widget\" data-widget_type=\"iheading.default\">\n\t\t\t\t<div class=\"elementor-widget-container\">\n\t\t\t\t\t\t\t<div class=\"ot-heading center-align\">\r\n\t\t\t\r\n\t\t\t\t\r\n\r\n\t        \t            <h6 class=\"sub-heading\"><span>Obt\u00e9n una consulta gratis<\/span><\/h6>\r\n\t         \r\n\r\n\t        \t        \t<h2 class=\"main-heading\">Servicios de Link Building LATAM<\/h2>\r\n\t        \t    <\/div>\r\n\t    \t\t\t\t<\/div>\n\t\t\t\t<\/div>\n\t\t\t\t<div class=\"elementor-element elementor-element-3c750a2 elementor-widget elementor-widget-text-editor\" data-id=\"3c750a2\" data-element_type=\"widget\" data-widget_type=\"text-editor.default\">\n\t\t\t\t<div class=\"elementor-widget-container\">\n\t\t\t\t\t\t\t\t\t<p>Complete el formulario a continuaci\u00f3n para recibir un plan o campa\u00f1a de un servicio de link building por nuestros expertos SEO. Seleccione y llene los campos del formulario para comunicaremos con usted a la brevedad.<\/p>\t\t\t\t\t\t\t\t<\/div>\n\t\t\t\t<\/div>\n\t\t\t\t\t<\/div>\n\t\t<\/div>\n\t\t\t\t<div class=\"elementor-column elementor-col-33 elementor-top-column elementor-element elementor-element-bd0aadd ot-flex-column-vertical\" data-id=\"bd0aadd\" data-element_type=\"column\">\n\t\t\t<div class=\"elementor-widget-wrap\">\n\t\t\t\t\t\t\t<\/div>\n\t\t<\/div>\n\t\t\t\t\t<\/div>\n\t\t<\/section>\n\t\t\t\t<section class=\"elementor-section elementor-top-section elementor-element elementor-element-f94c6cc elementor-section-boxed elementor-section-height-default elementor-section-height-default\" data-id=\"f94c6cc\" data-element_type=\"section\">\n\t\t\t\t\t\t<div class=\"elementor-container elementor-column-gap-default\">\n\t\t\t\t\t<div class=\"elementor-column elementor-col-100 elementor-top-column elementor-element elementor-element-6d3d514 ot-flex-column-vertical\" data-id=\"6d3d514\" data-element_type=\"column\">\n\t\t\t<div class=\"elementor-widget-wrap elementor-element-populated\">\n\t\t\t\t\t\t<div class=\"elementor-element elementor-element-aa60d07 elementor-widget elementor-widget-onum-contact-form-7\" data-id=\"aa60d07\" data-element_type=\"widget\" data-widget_type=\"onum-contact-form-7.default\">\n\t\t\t\t<div class=\"elementor-widget-container\">\n\t\t\t\t\t<div class=\"elementor-shortcode onum-cf7-0\">\n<div class=\"wpcf7 no-js\" id=\"wpcf7-f5772-o1\" lang=\"en-US\" dir=\"ltr\" data-wpcf7-id=\"5772\">\n<div class=\"screen-reader-response\"><p role=\"status\" aria-live=\"polite\" aria-atomic=\"true\"><\/p> <ul><\/ul><\/div>\n<form action=\"\/co\/wp-json\/wp\/v2\/pages\/5773#wpcf7-f5772-o1\" method=\"post\" class=\"wpcf7-form init\" aria-label=\"Contact form\" novalidate=\"novalidate\" data-status=\"init\">\n<fieldset class=\"hidden-fields-container\"><input type=\"hidden\" name=\"_wpcf7\" value=\"5772\" \/><input type=\"hidden\" name=\"_wpcf7_version\" value=\"6.1.2\" \/><input type=\"hidden\" name=\"_wpcf7_locale\" value=\"en_US\" \/><input type=\"hidden\" name=\"_wpcf7_unit_tag\" value=\"wpcf7-f5772-o1\" \/><input type=\"hidden\" name=\"_wpcf7_container_post\" value=\"0\" \/><input type=\"hidden\" name=\"_wpcf7_posted_data_hash\" value=\"\" \/>\n<\/fieldset>\n<div class=\"faq-form row\">\n\t<p class=\"col-md-6\"><br \/>\n<span class=\"wpcf7-form-control-wrap\" data-name=\"your-website\"><input size=\"40\" maxlength=\"400\" class=\"wpcf7-form-control wpcf7-url wpcf7-validates-as-required wpcf7-text wpcf7-validates-as-url\" aria-required=\"true\" aria-invalid=\"false\" placeholder=\"Sitio Web (URL) *\" value=\"\" type=\"url\" name=\"your-website\" \/><\/span>\n\t<\/p>\n\t<p class=\"col-md-6\"><br \/>\n<span class=\"wpcf7-form-control-wrap\" data-name=\"your-company\"><input size=\"40\" maxlength=\"400\" class=\"wpcf7-form-control wpcf7-text\" aria-invalid=\"false\" placeholder=\"Empresa\/Negocio\" value=\"\" type=\"text\" name=\"your-company\" \/><\/span>\n\t<\/p>\n\t<p class=\"col-md-6\"><br \/>\n<span class=\"wpcf7-form-control-wrap\" data-name=\"first-name\"><input size=\"40\" maxlength=\"400\" class=\"wpcf7-form-control wpcf7-text wpcf7-validates-as-required\" aria-required=\"true\" aria-invalid=\"false\" placeholder=\"Nombre *\" value=\"\" type=\"text\" name=\"first-name\" \/><\/span>\n\t<\/p>\n\t<p class=\"col-md-6\"><br \/>\n<span class=\"wpcf7-form-control-wrap\" data-name=\"your-number\"><input size=\"40\" maxlength=\"400\" class=\"wpcf7-form-control wpcf7-text wpcf7-validates-as-required\" aria-required=\"true\" aria-invalid=\"false\" placeholder=\"Tel\u00e9fono\/WhatsApp *\" value=\"\" type=\"text\" name=\"your-number\" \/><\/span>\n\t<\/p>\n\t<p class=\"col-md-6\"><br \/>\n<span class=\"wpcf7-form-control-wrap\" data-name=\"your-email\"><input size=\"40\" maxlength=\"400\" class=\"wpcf7-form-control wpcf7-email wpcf7-validates-as-required wpcf7-text wpcf7-validates-as-email\" aria-required=\"true\" aria-invalid=\"false\" placeholder=\"Correo *\" value=\"\" type=\"email\" name=\"your-email\" \/><\/span>\n\t<\/p>\n\t<p class=\"col-md-6\"><br \/>\n<span class=\"wpcf7-form-control-wrap\" data-name=\"your-pais\"><input size=\"40\" maxlength=\"400\" class=\"wpcf7-form-control wpcf7-text wpcf7-validates-as-required\" aria-required=\"true\" aria-invalid=\"false\" placeholder=\"Pa\u00eds *\" value=\"\" type=\"text\" name=\"your-pais\" \/><\/span>\n\t<\/p>\n\t<p class=\"col-md-12\"><br \/>\n<label>Consultar sobre<\/label><br \/>\n<span class=\"wpcf7-form-control-wrap\" data-name=\"your-option\"><span class=\"wpcf7-form-control wpcf7-checkbox wpcf7-validates-as-required\"><span class=\"wpcf7-list-item first\"><label><input type=\"checkbox\" name=\"your-option[]\" value=\"Estrategia de Link Building\" \/><span class=\"wpcf7-list-item-label\">Estrategia de Link Building<\/span><\/label><\/span><span class=\"wpcf7-list-item\"><label><input type=\"checkbox\" name=\"your-option[]\" value=\"Plan de Link Building\" \/><span class=\"wpcf7-list-item-label\">Plan de Link Building<\/span><\/label><\/span><span class=\"wpcf7-list-item\"><label><input type=\"checkbox\" name=\"your-option[]\" value=\"Campa\u00f1a de Link Building\" \/><span class=\"wpcf7-list-item-label\">Campa\u00f1a de Link Building<\/span><\/label><\/span><span class=\"wpcf7-list-item last\"><label><input type=\"checkbox\" name=\"your-option[]\" value=\"Otros\" \/><span class=\"wpcf7-list-item-label\">Otros<\/span><\/label><\/span><\/span><\/span>\n\t<\/p>\n\t<p class=\"col-md-12\"><br \/>\n<span class=\"wpcf7-form-control-wrap\" data-name=\"your-message\"><textarea cols=\"40\" rows=\"10\" maxlength=\"2000\" class=\"wpcf7-form-control wpcf7-textarea wpcf7-validates-as-required\" aria-required=\"true\" aria-invalid=\"false\" placeholder=\"Comentarios\" name=\"your-message\"><\/textarea><\/span>\n\t<\/p>\n\t<p class=\"text-center\"><br \/>\n<button class=\"octf-btn octf-btn-icon octf-btn-primary\">Consultar Ahora<i class=\"flaticon-right-arrow-1\"><\/i><\/button>\n\t<\/p>\n<\/div><p style=\"display: none !important;\" class=\"akismet-fields-container\" data-prefix=\"_wpcf7_ak_\"><label>&#916;<textarea name=\"_wpcf7_ak_hp_textarea\" cols=\"45\" rows=\"8\" maxlength=\"100\"><\/textarea><\/label><input type=\"hidden\" id=\"ak_js_1\" name=\"_wpcf7_ak_js\" value=\"121\"\/><script>document.getElementById( \"ak_js_1\" ).setAttribute( \"value\", ( new Date() ).getTime() );<\/script><\/p><div class=\"wpcf7-response-output\" aria-hidden=\"true\"><\/div>\n<\/form>\n<\/div>\n<\/div>\t\t\t\t<\/div>\n\t\t\t\t<\/div>\n\t\t\t\t\t<\/div>\n\t\t<\/div>\n\t\t\t\t\t<\/div>\n\t\t<\/section>\n\t\t\t\t<\/div>\n\t\t","protected":false},"excerpt":{"rendered":"<p>Obt\u00e9n una consulta gratis Servicios de Link Building LATAM Complete el formulario a continuaci\u00f3n para recibir un plan o campa\u00f1a de un servicio de link building por nuestros expertos SEO. Seleccione y llene los campos del formulario para comunicaremos con usted a la brevedad. Consultar sobre Estrategia de Link BuildingPlan de Link BuildingCampa\u00f1a de Link [&hellip;]<\/p>\n","protected":false},"author":1,"featured_media":0,"parent":0,"menu_order":0,"comment_status":"closed","ping_status":"closed","template":"","meta":{"inline_featured_image":false,"_joinchat":[],"footnotes":""},"class_list":["post-5773","page","type-page","status-publish","hentry"],"yoast_head":"<!-- This site is optimized with the Yoast SEO plugin v26.0 - https:\/\/yoast.com\/wordpress\/plugins\/seo\/ -->\n<title>Consultas Link Building LATAM | Expertos SEO por Horas | SEO Remoto<\/title>\n<meta name=\"description\" content=\"Converse con un especialista. Complete el formulario a continuaci\u00f3n para recibir un presupuesto gratuito sobre nuestros servicios SEO.\" \/>\n<meta name=\"robots\" content=\"index, follow, max-snippet:-1, max-image-preview:large, max-video-preview:-1\" \/>\n<link rel=\"canonical\" href=\"https:\/\/seoremoto.com\/co\/consultas-link-building-latam\/\" \/>\n<meta property=\"og:locale\" content=\"es_ES\" \/>\n<meta property=\"og:type\" content=\"article\" \/>\n<meta property=\"og:title\" content=\"Consultas Link Building LATAM | Expertos SEO por Horas | SEO Remoto\" \/>\n<meta property=\"og:description\" content=\"Converse con un especialista. Complete el formulario a continuaci\u00f3n para recibir un presupuesto gratuito sobre nuestros servicios SEO.\" \/>\n<meta property=\"og:url\" content=\"https:\/\/seoremoto.com\/co\/consultas-link-building-latam\/\" \/>\n<meta property=\"og:site_name\" content=\"SEO Remoto\" \/>\n<meta property=\"article:modified_time\" content=\"2021-11-15T02:25:21+00:00\" \/>\n<meta name=\"twitter:card\" content=\"summary_large_image\" \/>\n<meta name=\"twitter:site\" content=\"@seoremoto\" \/>\n<meta name=\"twitter:label1\" content=\"Tiempo de lectura\" \/>\n\t<meta name=\"twitter:data1\" content=\"1 minuto\" \/>\n<script type=\"application\/ld+json\" class=\"yoast-schema-graph\">{\"@context\":\"https:\/\/schema.org\",\"@graph\":[{\"@type\":\"WebPage\",\"@id\":\"https:\/\/seoremoto.com\/co\/consultas-link-building-latam\/\",\"url\":\"https:\/\/seoremoto.com\/co\/consultas-link-building-latam\/\",\"name\":\"Consultas Link Building LATAM | Expertos SEO por Horas | SEO Remoto\",\"isPartOf\":{\"@id\":\"https:\/\/seoremoto.com\/co\/#website\"},\"datePublished\":\"2021-11-14T22:37:03+00:00\",\"dateModified\":\"2021-11-15T02:25:21+00:00\",\"description\":\"Converse con un especialista. Complete el formulario a continuaci\u00f3n para recibir un presupuesto gratuito sobre nuestros servicios SEO.\",\"breadcrumb\":{\"@id\":\"https:\/\/seoremoto.com\/co\/consultas-link-building-latam\/#breadcrumb\"},\"inLanguage\":\"es-CO\",\"potentialAction\":[{\"@type\":\"ReadAction\",\"target\":[\"https:\/\/seoremoto.com\/co\/consultas-link-building-latam\/\"]}]},{\"@type\":\"BreadcrumbList\",\"@id\":\"https:\/\/seoremoto.com\/co\/consultas-link-building-latam\/#breadcrumb\",\"itemListElement\":[{\"@type\":\"ListItem\",\"position\":1,\"name\":\"Portada\",\"item\":\"https:\/\/seoremoto.com\/co\/\"},{\"@type\":\"ListItem\",\"position\":2,\"name\":\"Consultas Link Building LATAM\"}]},{\"@type\":\"WebSite\",\"@id\":\"https:\/\/seoremoto.com\/co\/#website\",\"url\":\"https:\/\/seoremoto.com\/co\/\",\"name\":\"SEO Remoto\",\"description\":\"\",\"publisher\":{\"@id\":\"https:\/\/seoremoto.com\/co\/#organization\"},\"potentialAction\":[{\"@type\":\"SearchAction\",\"target\":{\"@type\":\"EntryPoint\",\"urlTemplate\":\"https:\/\/seoremoto.com\/co\/?s={search_term_string}\"},\"query-input\":{\"@type\":\"PropertyValueSpecification\",\"valueRequired\":true,\"valueName\":\"search_term_string\"}}],\"inLanguage\":\"es-CO\"},{\"@type\":\"Organization\",\"@id\":\"https:\/\/seoremoto.com\/co\/#organization\",\"name\":\"SEO Remoto\",\"url\":\"https:\/\/seoremoto.com\/co\/\",\"logo\":{\"@type\":\"ImageObject\",\"inLanguage\":\"es-CO\",\"@id\":\"https:\/\/seoremoto.com\/co\/#\/schema\/logo\/image\/\",\"url\":\"https:\/\/seoremoto.com\/wp-content\/uploads\/2020\/08\/logo-seo-remoto-negro.svg\",\"contentUrl\":\"https:\/\/seoremoto.com\/wp-content\/uploads\/2020\/08\/logo-seo-remoto-negro.svg\",\"width\":672,\"height\":129,\"caption\":\"SEO Remoto\"},\"image\":{\"@id\":\"https:\/\/seoremoto.com\/co\/#\/schema\/logo\/image\/\"},\"sameAs\":[\"https:\/\/x.com\/seoremoto\",\"https:\/\/www.instagram.com\/seoremoto\/\",\"https:\/\/www.linkedin.com\/company\/seoremoto\/\",\"https:\/\/www.pinterest.com\/seoremoto\/\"]}]}<\/script>\n<!-- \/ Yoast SEO plugin. -->","yoast_head_json":{"title":"Consultas Link Building LATAM | Expertos SEO por Horas | SEO Remoto","description":"Converse con un especialista. Complete el formulario a continuaci\u00f3n para recibir un presupuesto gratuito sobre nuestros servicios SEO.","robots":{"index":"index","follow":"follow","max-snippet":"max-snippet:-1","max-image-preview":"max-image-preview:large","max-video-preview":"max-video-preview:-1"},"canonical":"https:\/\/seoremoto.com\/co\/consultas-link-building-latam\/","og_locale":"es_ES","og_type":"article","og_title":"Consultas Link Building LATAM | Expertos SEO por Horas | SEO Remoto","og_description":"Converse con un especialista. Complete el formulario a continuaci\u00f3n para recibir un presupuesto gratuito sobre nuestros servicios SEO.","og_url":"https:\/\/seoremoto.com\/co\/consultas-link-building-latam\/","og_site_name":"SEO Remoto","article_modified_time":"2021-11-15T02:25:21+00:00","twitter_card":"summary_large_image","twitter_site":"@seoremoto","twitter_misc":{"Tiempo de lectura":"1 minuto"},"schema":{"@context":"https:\/\/schema.org","@graph":[{"@type":"WebPage","@id":"https:\/\/seoremoto.com\/co\/consultas-link-building-latam\/","url":"https:\/\/seoremoto.com\/co\/consultas-link-building-latam\/","name":"Consultas Link Building LATAM | Expertos SEO por Horas | SEO Remoto","isPartOf":{"@id":"https:\/\/seoremoto.com\/co\/#website"},"datePublished":"2021-11-14T22:37:03+00:00","dateModified":"2021-11-15T02:25:21+00:00","description":"Converse con un especialista. Complete el formulario a continuaci\u00f3n para recibir un presupuesto gratuito sobre nuestros servicios SEO.","breadcrumb":{"@id":"https:\/\/seoremoto.com\/co\/consultas-link-building-latam\/#breadcrumb"},"inLanguage":"es-CO","potentialAction":[{"@type":"ReadAction","target":["https:\/\/seoremoto.com\/co\/consultas-link-building-latam\/"]}]},{"@type":"BreadcrumbList","@id":"https:\/\/seoremoto.com\/co\/consultas-link-building-latam\/#breadcrumb","itemListElement":[{"@type":"ListItem","position":1,"name":"Portada","item":"https:\/\/seoremoto.com\/co\/"},{"@type":"ListItem","position":2,"name":"Consultas Link Building LATAM"}]},{"@type":"WebSite","@id":"https:\/\/seoremoto.com\/co\/#website","url":"https:\/\/seoremoto.com\/co\/","name":"SEO Remoto","description":"","publisher":{"@id":"https:\/\/seoremoto.com\/co\/#organization"},"potentialAction":[{"@type":"SearchAction","target":{"@type":"EntryPoint","urlTemplate":"https:\/\/seoremoto.com\/co\/?s={search_term_string}"},"query-input":{"@type":"PropertyValueSpecification","valueRequired":true,"valueName":"search_term_string"}}],"inLanguage":"es-CO"},{"@type":"Organization","@id":"https:\/\/seoremoto.com\/co\/#organization","name":"SEO Remoto","url":"https:\/\/seoremoto.com\/co\/","logo":{"@type":"ImageObject","inLanguage":"es-CO","@id":"https:\/\/seoremoto.com\/co\/#\/schema\/logo\/image\/","url":"https:\/\/seoremoto.com\/wp-content\/uploads\/2020\/08\/logo-seo-remoto-negro.svg","contentUrl":"https:\/\/seoremoto.com\/wp-content\/uploads\/2020\/08\/logo-seo-remoto-negro.svg","width":672,"height":129,"caption":"SEO Remoto"},"image":{"@id":"https:\/\/seoremoto.com\/co\/#\/schema\/logo\/image\/"},"sameAs":["https:\/\/x.com\/seoremoto","https:\/\/www.instagram.com\/seoremoto\/","https:\/\/www.linkedin.com\/company\/seoremoto\/","https:\/\/www.pinterest.com\/seoremoto\/"]}]}},"_links":{"self":[{"href":"https:\/\/seoremoto.com\/co\/wp-json\/wp\/v2\/pages\/5773","targetHints":{"allow":["GET"]}}],"collection":[{"href":"https:\/\/seoremoto.com\/co\/wp-json\/wp\/v2\/pages"}],"about":[{"href":"https:\/\/seoremoto.com\/co\/wp-json\/wp\/v2\/types\/page"}],"author":[{"embeddable":true,"href":"https:\/\/seoremoto.com\/co\/wp-json\/wp\/v2\/users\/1"}],"replies":[{"embeddable":true,"href":"https:\/\/seoremoto.com\/co\/wp-json\/wp\/v2\/comments?post=5773"}],"version-history":[{"count":10,"href":"https:\/\/seoremoto.com\/co\/wp-json\/wp\/v2\/pages\/5773\/revisions"}],"predecessor-version":[{"id":5784,"href":"https:\/\/seoremoto.com\/co\/wp-json\/wp\/v2\/pages\/5773\/revisions\/5784"}],"wp:attachment":[{"href":"https:\/\/seoremoto.com\/co\/wp-json\/wp\/v2\/media?parent=5773"}],"curies":[{"name":"wp","href":"https:\/\/api.w.org\/{rel}","templated":true}]}}