{"id":975,"date":"2019-11-13T04:43:49","date_gmt":"2019-11-13T04:43:49","guid":{"rendered":"http:\/\/wpdemo.archiwp.com\/onum\/?page_id=975"},"modified":"2021-10-24T18:04:44","modified_gmt":"2021-10-24T18:04:44","slug":"arnold-gutierrez","status":"publish","type":"page","link":"https:\/\/seoremoto.com\/bo\/arnold-gutierrez\/","title":{"rendered":"Arnold Gutierrez"},"content":{"rendered":"\t\t<div data-elementor-type=\"wp-page\" data-elementor-id=\"975\" class=\"elementor elementor-975\">\n\t\t\t\t\t\t<section data-color=\"#fe4c1c,#00c3ff,#0160e7\" class=\"elementor-section elementor-top-section elementor-element elementor-element-6083e75 elementor-section-full_width elementor-section-content-middle particles-js elementor-section-height-default elementor-section-height-default\" data-id=\"6083e75\" data-element_type=\"section\">\n\t\t\t\t\t\t<div class=\"elementor-container elementor-column-gap-wide\">\n\t\t\t\t\t<div class=\"elementor-column elementor-col-50 elementor-top-column elementor-element elementor-element-cb6a0c4 ot-flex-column-vertical\" data-id=\"cb6a0c4\" data-element_type=\"column\">\n\t\t\t<div class=\"elementor-widget-wrap elementor-element-populated\">\n\t\t\t\t\t\t<div class=\"elementor-element elementor-element-aa6be2f elementor-widget elementor-widget-image\" data-id=\"aa6be2f\" data-element_type=\"widget\" data-widget_type=\"image.default\">\n\t\t\t\t<div class=\"elementor-widget-container\">\n\t\t\t\t\t\t\t\t\t\t\t\t\t\t\t<img fetchpriority=\"high\" decoding=\"async\" width=\"600\" height=\"598\" src=\"https:\/\/seoremoto.com\/wp-content\/uploads\/2021\/10\/arnold-gutierrez-experto-seo-seoremoto.jpg\" class=\"attachment-full size-full wp-image-5262\" alt=\"arnold-gutierrez-experto-seo-seoremoto\" srcset=\"https:\/\/seoremoto.com\/wp-content\/uploads\/2021\/10\/arnold-gutierrez-experto-seo-seoremoto.jpg 600w, https:\/\/seoremoto.com\/wp-content\/uploads\/2021\/10\/arnold-gutierrez-experto-seo-seoremoto-300x300.jpg 300w, https:\/\/seoremoto.com\/wp-content\/uploads\/2021\/10\/arnold-gutierrez-experto-seo-seoremoto-150x150.jpg 150w\" sizes=\"(max-width: 600px) 100vw, 600px\" \/>\t\t\t\t\t\t\t\t\t\t\t\t\t\t\t<\/div>\n\t\t\t\t<\/div>\n\t\t\t\t\t<\/div>\n\t\t<\/div>\n\t\t\t\t<div class=\"elementor-column elementor-col-50 elementor-top-column elementor-element elementor-element-047eeeb ot-flex-column-vertical\" data-id=\"047eeeb\" data-element_type=\"column\">\n\t\t\t<div class=\"elementor-widget-wrap elementor-element-populated\">\n\t\t\t\t\t\t<div class=\"elementor-element elementor-element-5c89b8c elementor-widget elementor-widget-heading\" data-id=\"5c89b8c\" data-element_type=\"widget\" data-widget_type=\"heading.default\">\n\t\t\t\t<div class=\"elementor-widget-container\">\n\t\t\t\t\t<h1 class=\"elementor-heading-title elementor-size-default\">Co-Founder &amp; CEO <i>SEORemoto<\/i><\/h1>\t\t\t\t<\/div>\n\t\t\t\t<\/div>\n\t\t\t\t<div class=\"elementor-element elementor-element-f323ce7 elementor-widget elementor-widget-heading\" data-id=\"f323ce7\" data-element_type=\"widget\" data-widget_type=\"heading.default\">\n\t\t\t\t<div class=\"elementor-widget-container\">\n\t\t\t\t\t<h2 class=\"elementor-heading-title elementor-size-default\">Arnold Gutierrez<\/h2>\t\t\t\t<\/div>\n\t\t\t\t<\/div>\n\t\t\t\t<div class=\"elementor-element elementor-element-b99b74d elementor-widget elementor-widget-text-editor\" data-id=\"b99b74d\" data-element_type=\"widget\" data-widget_type=\"text-editor.default\">\n\t\t\t\t<div class=\"elementor-widget-container\">\n\t\t\t\t\t\t\t\t\t<div class=\"st-format-status-holder\"><div class=\"status-content\"><p>Arnold Gutierrez, nuestro CEO de <em><strong>SEORemoto<\/strong><\/em>. Una persona con m\u00e1s de 10 a\u00f1os de experiencia en SEO y en agencias especializadas. Ha trabajado con proyectos web desde peque\u00f1as y m\u00e1s grandes en diferentes pa\u00edses para impulsar el crecimiento.\u00a0 <br \/>Es un emprendedor, especialista y blogger SEO.<\/p><p>Trabaja como consultor en varias agencias SEO &amp; digitales en Per\u00fa y Colombia, como tambi\u00e9n realiza asesor\u00edas y campa\u00f1as SEO Internacional en todo LATAM, M\u00e9xico, Espa\u00f1a y Estados Unidos.\u00a0<\/p><p>As\u00ed tambi\u00e9n le gusta compartir sus conocimientos y experiencia en su Portal Blog Personal.<\/p><\/div><\/div>\t\t\t\t\t\t\t\t<\/div>\n\t\t\t\t<\/div>\n\t\t\t\t<section class=\"elementor-section elementor-inner-section elementor-element elementor-element-995dc24 elementor-section-full_width elementor-section-height-default elementor-section-height-default\" data-id=\"995dc24\" data-element_type=\"section\">\n\t\t\t\t\t\t<div class=\"elementor-container elementor-column-gap-no\">\n\t\t\t\t\t<div class=\"elementor-column elementor-col-50 elementor-inner-column elementor-element elementor-element-c83231d ot-flex-column-vertical\" data-id=\"c83231d\" data-element_type=\"column\">\n\t\t\t<div class=\"elementor-widget-wrap elementor-element-populated\">\n\t\t\t\t\t\t<div class=\"elementor-element elementor-element-dc839a3 elementor-widget elementor-widget-heading\" data-id=\"dc839a3\" data-element_type=\"widget\" data-widget_type=\"heading.default\">\n\t\t\t\t<div class=\"elementor-widget-container\">\n\t\t\t\t\t<h6 class=\"elementor-heading-title elementor-size-default\">Especialista<\/h6>\t\t\t\t<\/div>\n\t\t\t\t<\/div>\n\t\t\t\t<div class=\"elementor-element elementor-element-7ac020c elementor-widget elementor-widget-text-editor\" data-id=\"7ac020c\" data-element_type=\"widget\" data-widget_type=\"text-editor.default\">\n\t\t\t\t<div class=\"elementor-widget-container\">\n\t\t\t\t\t\t\t\t\t<p>SEO &amp; Trafficker Digital<\/p>\t\t\t\t\t\t\t\t<\/div>\n\t\t\t\t<\/div>\n\t\t\t\t<div class=\"elementor-element elementor-element-a2ca963 elementor-widget elementor-widget-heading\" data-id=\"a2ca963\" data-element_type=\"widget\" data-widget_type=\"heading.default\">\n\t\t\t\t<div class=\"elementor-widget-container\">\n\t\t\t\t\t<h6 class=\"elementor-heading-title elementor-size-default\">Blog\/Portal web<\/h6>\t\t\t\t<\/div>\n\t\t\t\t<\/div>\n\t\t\t\t<div class=\"elementor-element elementor-element-ed31742 elementor-widget elementor-widget-text-editor\" data-id=\"ed31742\" data-element_type=\"widget\" data-widget_type=\"text-editor.default\">\n\t\t\t\t<div class=\"elementor-widget-container\">\n\t\t\t\t\t\t\t\t\t<p><strong><a href=\"https:\/\/www.arnoldgutierrez.com\/\">arnoldgutierrez.com<\/a><\/strong><\/p>\t\t\t\t\t\t\t\t<\/div>\n\t\t\t\t<\/div>\n\t\t\t\t\t<\/div>\n\t\t<\/div>\n\t\t\t\t<div class=\"elementor-column elementor-col-50 elementor-inner-column elementor-element elementor-element-f0aff74 ot-flex-column-vertical\" data-id=\"f0aff74\" data-element_type=\"column\">\n\t\t\t<div class=\"elementor-widget-wrap elementor-element-populated\">\n\t\t\t\t\t\t<div class=\"elementor-element elementor-element-85f46ed elementor-widget elementor-widget-heading\" data-id=\"85f46ed\" data-element_type=\"widget\" data-widget_type=\"heading.default\">\n\t\t\t\t<div class=\"elementor-widget-container\">\n\t\t\t\t\t<h6 class=\"elementor-heading-title elementor-size-default\">Proyectos<\/h6>\t\t\t\t<\/div>\n\t\t\t\t<\/div>\n\t\t\t\t<div class=\"elementor-element elementor-element-87cce77 elementor-widget elementor-widget-text-editor\" data-id=\"87cce77\" data-element_type=\"widget\" data-widget_type=\"text-editor.default\">\n\t\t\t\t<div class=\"elementor-widget-container\">\n\t\t\t\t\t\t\t\t\t<p><a href=\"https:\/\/seoremoto.com\/\"><em><b>SEORemoto<\/b><\/em><\/a>, <br \/><strong><a href=\"https:\/\/contenidosperu.com\/\">Contenidos Per\u00fa<\/a><br \/><\/strong><\/p>\t\t\t\t\t\t\t\t<\/div>\n\t\t\t\t<\/div>\n\t\t\t\t<div class=\"elementor-element elementor-element-49676f5 elementor-widget elementor-widget-heading\" data-id=\"49676f5\" data-element_type=\"widget\" data-widget_type=\"heading.default\">\n\t\t\t\t<div class=\"elementor-widget-container\">\n\t\t\t\t\t<h6 class=\"elementor-heading-title elementor-size-default\">Conocimiento<\/h6>\t\t\t\t<\/div>\n\t\t\t\t<\/div>\n\t\t\t\t<div class=\"elementor-element elementor-element-d794da7 elementor-widget elementor-widget-text-editor\" data-id=\"d794da7\" data-element_type=\"widget\" data-widget_type=\"text-editor.default\">\n\t\t\t\t<div class=\"elementor-widget-container\">\n\t\t\t\t\t\t\t\t\t<p>Emprendimiento Digital, CPC, Marketing Manager, UX Design<\/p>\t\t\t\t\t\t\t\t<\/div>\n\t\t\t\t<\/div>\n\t\t\t\t\t<\/div>\n\t\t<\/div>\n\t\t\t\t\t<\/div>\n\t\t<\/section>\n\t\t\t\t<div class=\"elementor-element elementor-element-0e68dfb e-grid-align-left elementor-shape-rounded elementor-grid-0 elementor-widget elementor-widget-social-icons\" data-id=\"0e68dfb\" data-element_type=\"widget\" data-widget_type=\"social-icons.default\">\n\t\t\t\t<div class=\"elementor-widget-container\">\n\t\t\t\t\t\t\t<div class=\"elementor-social-icons-wrapper elementor-grid\" role=\"list\">\n\t\t\t\t\t\t\t<span class=\"elementor-grid-item\" role=\"listitem\">\n\t\t\t\t\t<a class=\"elementor-icon elementor-social-icon elementor-social-icon-linkedin elementor-animation-float elementor-repeater-item-9282d9d\" href=\"https:\/\/www.linkedin.com\/in\/arnoldgutierrezrojas\/\" target=\"_blank\">\n\t\t\t\t\t\t<span class=\"elementor-screen-only\">Linkedin<\/span>\n\t\t\t\t\t\t<i aria-hidden=\"true\" class=\"fab fa-linkedin\"><\/i>\t\t\t\t\t<\/a>\n\t\t\t\t<\/span>\n\t\t\t\t\t\t\t<span class=\"elementor-grid-item\" role=\"listitem\">\n\t\t\t\t\t<a class=\"elementor-icon elementor-social-icon elementor-social-icon-twitter elementor-animation-float elementor-repeater-item-b61c677\" href=\"https:\/\/twitter.com\/fotosarnold\" target=\"_blank\">\n\t\t\t\t\t\t<span class=\"elementor-screen-only\">Twitter<\/span>\n\t\t\t\t\t\t<i aria-hidden=\"true\" class=\"fab fa-twitter\"><\/i>\t\t\t\t\t<\/a>\n\t\t\t\t<\/span>\n\t\t\t\t\t\t\t<span class=\"elementor-grid-item\" role=\"listitem\">\n\t\t\t\t\t<a class=\"elementor-icon elementor-social-icon elementor-social-icon-instagram elementor-animation-float elementor-repeater-item-c19fcf3\" href=\"https:\/\/www.instagram.com\/arnoldperu\/\" target=\"_blank\">\n\t\t\t\t\t\t<span class=\"elementor-screen-only\">Instagram<\/span>\n\t\t\t\t\t\t<i aria-hidden=\"true\" class=\"fab fa-instagram\"><\/i>\t\t\t\t\t<\/a>\n\t\t\t\t<\/span>\n\t\t\t\t\t\t\t<span class=\"elementor-grid-item\" role=\"listitem\">\n\t\t\t\t\t<a class=\"elementor-icon elementor-social-icon elementor-social-icon-facebook-f elementor-animation-float elementor-repeater-item-0404af4\" href=\"https:\/\/www.facebook.com\/arnoldperu\" target=\"_blank\">\n\t\t\t\t\t\t<span class=\"elementor-screen-only\">Facebook-f<\/span>\n\t\t\t\t\t\t<i aria-hidden=\"true\" class=\"fab fa-facebook-f\"><\/i>\t\t\t\t\t<\/a>\n\t\t\t\t<\/span>\n\t\t\t\t\t<\/div>\n\t\t\t\t\t\t<\/div>\n\t\t\t\t<\/div>\n\t\t\t\t\t<\/div>\n\t\t<\/div>\n\t\t\t\t\t<\/div>\n\t\t<\/section>\n\t\t\t\t<\/div>\n\t\t","protected":false},"excerpt":{"rendered":"<p>Co-Founder &amp; CEO SEORemoto Arnold Gutierrez Arnold Gutierrez, nuestro CEO de SEORemoto. Una persona con m\u00e1s de 10 a\u00f1os de experiencia en SEO y en agencias especializadas. Ha trabajado con proyectos web desde peque\u00f1as y m\u00e1s grandes en diferentes pa\u00edses para impulsar el crecimiento.&nbsp; Es un emprendedor, especialista y blogger SEO. Trabaja como consultor en [&hellip;]<\/p>\n","protected":false},"author":1,"featured_media":0,"parent":0,"menu_order":0,"comment_status":"closed","ping_status":"closed","template":"","meta":{"inline_featured_image":false,"_joinchat":[],"footnotes":""},"class_list":["post-975","page","type-page","status-publish","hentry"],"yoast_head":"<!-- This site is optimized with the Yoast SEO plugin v26.0 - https:\/\/yoast.com\/wordpress\/plugins\/seo\/ -->\n<title>Arnold Gutierrez | CEO SEORemoto | Consultor SEO LATAM<\/title>\n<meta name=\"description\" content=\"Arnold Gutierrez, CEO de SEORemoto con m\u00e1s de 10 a\u00f1os de experiencia en SEO. Consultor SEO en LATAM, Espa\u00f1a y Estados Unidos.\" \/>\n<meta name=\"robots\" content=\"index, follow, max-snippet:-1, max-image-preview:large, max-video-preview:-1\" \/>\n<link rel=\"canonical\" href=\"https:\/\/seoremoto.com\/bo\/arnold-gutierrez\/\" \/>\n<meta property=\"og:locale\" content=\"es_ES\" \/>\n<meta property=\"og:type\" content=\"article\" \/>\n<meta property=\"og:title\" content=\"Arnold Gutierrez | CEO SEORemoto | Consultor SEO LATAM\" \/>\n<meta property=\"og:description\" content=\"Arnold Gutierrez, CEO de SEORemoto con m\u00e1s de 10 a\u00f1os de experiencia en SEO. Consultor SEO en LATAM, Espa\u00f1a y Estados Unidos.\" \/>\n<meta property=\"og:url\" content=\"https:\/\/seoremoto.com\/bo\/arnold-gutierrez\/\" \/>\n<meta property=\"og:site_name\" content=\"SEO Remoto\" \/>\n<meta property=\"article:modified_time\" content=\"2021-10-24T18:04:44+00:00\" \/>\n<meta property=\"og:image\" content=\"https:\/\/seoremoto.com\/wp-content\/uploads\/2021\/10\/arnold-gutierrez-experto-seo-seoremoto.jpg\" \/>\n<meta name=\"twitter:card\" content=\"summary_large_image\" \/>\n<meta name=\"twitter:site\" content=\"@seoremoto\" \/>\n<meta name=\"twitter:label1\" content=\"Est. reading time\" \/>\n\t<meta name=\"twitter:data1\" content=\"1 minute\" \/>\n<script type=\"application\/ld+json\" class=\"yoast-schema-graph\">{\"@context\":\"https:\/\/schema.org\",\"@graph\":[{\"@type\":\"WebPage\",\"@id\":\"https:\/\/seoremoto.com\/bo\/arnold-gutierrez\/\",\"url\":\"https:\/\/seoremoto.com\/bo\/arnold-gutierrez\/\",\"name\":\"Arnold Gutierrez | CEO SEORemoto | Consultor SEO LATAM\",\"isPartOf\":{\"@id\":\"https:\/\/seoremoto.com\/bo\/#website\"},\"primaryImageOfPage\":{\"@id\":\"https:\/\/seoremoto.com\/bo\/arnold-gutierrez\/#primaryimage\"},\"image\":{\"@id\":\"https:\/\/seoremoto.com\/bo\/arnold-gutierrez\/#primaryimage\"},\"thumbnailUrl\":\"https:\/\/seoremoto.com\/wp-content\/uploads\/2021\/10\/arnold-gutierrez-experto-seo-seoremoto.jpg\",\"datePublished\":\"2019-11-13T04:43:49+00:00\",\"dateModified\":\"2021-10-24T18:04:44+00:00\",\"description\":\"Arnold Gutierrez, CEO de SEORemoto con m\u00e1s de 10 a\u00f1os de experiencia en SEO. Consultor SEO en LATAM, Espa\u00f1a y Estados Unidos.\",\"breadcrumb\":{\"@id\":\"https:\/\/seoremoto.com\/bo\/arnold-gutierrez\/#breadcrumb\"},\"inLanguage\":\"es-BO\",\"potentialAction\":[{\"@type\":\"ReadAction\",\"target\":[\"https:\/\/seoremoto.com\/bo\/arnold-gutierrez\/\"]}]},{\"@type\":\"ImageObject\",\"inLanguage\":\"es-BO\",\"@id\":\"https:\/\/seoremoto.com\/bo\/arnold-gutierrez\/#primaryimage\",\"url\":\"https:\/\/seoremoto.com\/wp-content\/uploads\/2021\/10\/arnold-gutierrez-experto-seo-seoremoto.jpg\",\"contentUrl\":\"https:\/\/seoremoto.com\/wp-content\/uploads\/2021\/10\/arnold-gutierrez-experto-seo-seoremoto.jpg\"},{\"@type\":\"BreadcrumbList\",\"@id\":\"https:\/\/seoremoto.com\/bo\/arnold-gutierrez\/#breadcrumb\",\"itemListElement\":[{\"@type\":\"ListItem\",\"position\":1,\"name\":\"Portada\",\"item\":\"https:\/\/seoremoto.com\/bo\/expertos-seo-bolivia\/\"},{\"@type\":\"ListItem\",\"position\":2,\"name\":\"Arnold Gutierrez\"}]},{\"@type\":\"WebSite\",\"@id\":\"https:\/\/seoremoto.com\/bo\/#website\",\"url\":\"https:\/\/seoremoto.com\/bo\/\",\"name\":\"SEO Remoto\",\"description\":\"\",\"publisher\":{\"@id\":\"https:\/\/seoremoto.com\/bo\/#organization\"},\"potentialAction\":[{\"@type\":\"SearchAction\",\"target\":{\"@type\":\"EntryPoint\",\"urlTemplate\":\"https:\/\/seoremoto.com\/bo\/?s={search_term_string}\"},\"query-input\":{\"@type\":\"PropertyValueSpecification\",\"valueRequired\":true,\"valueName\":\"search_term_string\"}}],\"inLanguage\":\"es-BO\"},{\"@type\":\"Organization\",\"@id\":\"https:\/\/seoremoto.com\/bo\/#organization\",\"name\":\"SEO Remoto\",\"url\":\"https:\/\/seoremoto.com\/bo\/\",\"logo\":{\"@type\":\"ImageObject\",\"inLanguage\":\"es-BO\",\"@id\":\"https:\/\/seoremoto.com\/bo\/#\/schema\/logo\/image\/\",\"url\":\"https:\/\/seoremoto.com\/wp-content\/uploads\/2020\/08\/logo-seo-remoto-negro.svg\",\"contentUrl\":\"https:\/\/seoremoto.com\/wp-content\/uploads\/2020\/08\/logo-seo-remoto-negro.svg\",\"width\":672,\"height\":129,\"caption\":\"SEO Remoto\"},\"image\":{\"@id\":\"https:\/\/seoremoto.com\/bo\/#\/schema\/logo\/image\/\"},\"sameAs\":[\"https:\/\/x.com\/seoremoto\",\"https:\/\/www.instagram.com\/seoremoto\/\",\"https:\/\/www.linkedin.com\/company\/seoremoto\/\",\"https:\/\/www.pinterest.com\/seoremoto\/\"]}]}<\/script>\n<!-- \/ Yoast SEO plugin. -->","yoast_head_json":{"title":"Arnold Gutierrez | CEO SEORemoto | Consultor SEO LATAM","description":"Arnold Gutierrez, CEO de SEORemoto con m\u00e1s de 10 a\u00f1os de experiencia en SEO. Consultor SEO en LATAM, Espa\u00f1a y Estados Unidos.","robots":{"index":"index","follow":"follow","max-snippet":"max-snippet:-1","max-image-preview":"max-image-preview:large","max-video-preview":"max-video-preview:-1"},"canonical":"https:\/\/seoremoto.com\/bo\/arnold-gutierrez\/","og_locale":"es_ES","og_type":"article","og_title":"Arnold Gutierrez | CEO SEORemoto | Consultor SEO LATAM","og_description":"Arnold Gutierrez, CEO de SEORemoto con m\u00e1s de 10 a\u00f1os de experiencia en SEO. Consultor SEO en LATAM, Espa\u00f1a y Estados Unidos.","og_url":"https:\/\/seoremoto.com\/bo\/arnold-gutierrez\/","og_site_name":"SEO Remoto","article_modified_time":"2021-10-24T18:04:44+00:00","og_image":[{"url":"https:\/\/seoremoto.com\/wp-content\/uploads\/2021\/10\/arnold-gutierrez-experto-seo-seoremoto.jpg","type":"","width":"","height":""}],"twitter_card":"summary_large_image","twitter_site":"@seoremoto","twitter_misc":{"Est. reading time":"1 minute"},"schema":{"@context":"https:\/\/schema.org","@graph":[{"@type":"WebPage","@id":"https:\/\/seoremoto.com\/bo\/arnold-gutierrez\/","url":"https:\/\/seoremoto.com\/bo\/arnold-gutierrez\/","name":"Arnold Gutierrez | CEO SEORemoto | Consultor SEO LATAM","isPartOf":{"@id":"https:\/\/seoremoto.com\/bo\/#website"},"primaryImageOfPage":{"@id":"https:\/\/seoremoto.com\/bo\/arnold-gutierrez\/#primaryimage"},"image":{"@id":"https:\/\/seoremoto.com\/bo\/arnold-gutierrez\/#primaryimage"},"thumbnailUrl":"https:\/\/seoremoto.com\/wp-content\/uploads\/2021\/10\/arnold-gutierrez-experto-seo-seoremoto.jpg","datePublished":"2019-11-13T04:43:49+00:00","dateModified":"2021-10-24T18:04:44+00:00","description":"Arnold Gutierrez, CEO de SEORemoto con m\u00e1s de 10 a\u00f1os de experiencia en SEO. Consultor SEO en LATAM, Espa\u00f1a y Estados Unidos.","breadcrumb":{"@id":"https:\/\/seoremoto.com\/bo\/arnold-gutierrez\/#breadcrumb"},"inLanguage":"es-BO","potentialAction":[{"@type":"ReadAction","target":["https:\/\/seoremoto.com\/bo\/arnold-gutierrez\/"]}]},{"@type":"ImageObject","inLanguage":"es-BO","@id":"https:\/\/seoremoto.com\/bo\/arnold-gutierrez\/#primaryimage","url":"https:\/\/seoremoto.com\/wp-content\/uploads\/2021\/10\/arnold-gutierrez-experto-seo-seoremoto.jpg","contentUrl":"https:\/\/seoremoto.com\/wp-content\/uploads\/2021\/10\/arnold-gutierrez-experto-seo-seoremoto.jpg"},{"@type":"BreadcrumbList","@id":"https:\/\/seoremoto.com\/bo\/arnold-gutierrez\/#breadcrumb","itemListElement":[{"@type":"ListItem","position":1,"name":"Portada","item":"https:\/\/seoremoto.com\/bo\/expertos-seo-bolivia\/"},{"@type":"ListItem","position":2,"name":"Arnold Gutierrez"}]},{"@type":"WebSite","@id":"https:\/\/seoremoto.com\/bo\/#website","url":"https:\/\/seoremoto.com\/bo\/","name":"SEO Remoto","description":"","publisher":{"@id":"https:\/\/seoremoto.com\/bo\/#organization"},"potentialAction":[{"@type":"SearchAction","target":{"@type":"EntryPoint","urlTemplate":"https:\/\/seoremoto.com\/bo\/?s={search_term_string}"},"query-input":{"@type":"PropertyValueSpecification","valueRequired":true,"valueName":"search_term_string"}}],"inLanguage":"es-BO"},{"@type":"Organization","@id":"https:\/\/seoremoto.com\/bo\/#organization","name":"SEO Remoto","url":"https:\/\/seoremoto.com\/bo\/","logo":{"@type":"ImageObject","inLanguage":"es-BO","@id":"https:\/\/seoremoto.com\/bo\/#\/schema\/logo\/image\/","url":"https:\/\/seoremoto.com\/wp-content\/uploads\/2020\/08\/logo-seo-remoto-negro.svg","contentUrl":"https:\/\/seoremoto.com\/wp-content\/uploads\/2020\/08\/logo-seo-remoto-negro.svg","width":672,"height":129,"caption":"SEO Remoto"},"image":{"@id":"https:\/\/seoremoto.com\/bo\/#\/schema\/logo\/image\/"},"sameAs":["https:\/\/x.com\/seoremoto","https:\/\/www.instagram.com\/seoremoto\/","https:\/\/www.linkedin.com\/company\/seoremoto\/","https:\/\/www.pinterest.com\/seoremoto\/"]}]}},"_links":{"self":[{"href":"https:\/\/seoremoto.com\/bo\/wp-json\/wp\/v2\/pages\/975","targetHints":{"allow":["GET"]}}],"collection":[{"href":"https:\/\/seoremoto.com\/bo\/wp-json\/wp\/v2\/pages"}],"about":[{"href":"https:\/\/seoremoto.com\/bo\/wp-json\/wp\/v2\/types\/page"}],"author":[{"embeddable":true,"href":"https:\/\/seoremoto.com\/bo\/wp-json\/wp\/v2\/users\/1"}],"replies":[{"embeddable":true,"href":"https:\/\/seoremoto.com\/bo\/wp-json\/wp\/v2\/comments?post=975"}],"version-history":[{"count":63,"href":"https:\/\/seoremoto.com\/bo\/wp-json\/wp\/v2\/pages\/975\/revisions"}],"predecessor-version":[{"id":5303,"href":"https:\/\/seoremoto.com\/bo\/wp-json\/wp\/v2\/pages\/975\/revisions\/5303"}],"wp:attachment":[{"href":"https:\/\/seoremoto.com\/bo\/wp-json\/wp\/v2\/media?parent=975"}],"curies":[{"name":"wp","href":"https:\/\/api.w.org\/{rel}","templated":true}]}}